{"id":1980,"date":"2022-07-11T16:38:11","date_gmt":"2022-07-11T14:38:11","guid":{"rendered":"https:\/\/www.ohlabellevue.com\/contact\/"},"modified":"2022-09-29T16:55:43","modified_gmt":"2022-09-29T14:55:43","slug":"kontakt","status":"publish","type":"page","link":"https:\/\/www.ohlabellevue.com\/de\/kontakt\/","title":{"rendered":"Kontakt"},"content":{"rendered":"<p><div class=\"fusion-fullwidth fullwidth-box fusion-builder-row-1 fusion-flex-container bloc-title nonhundred-percent-fullwidth non-hundred-percent-height-scrolling\" style=\"background-color: rgba(255,255,255,0);background-position: center center;background-repeat: no-repeat;border-width: 0px 0px 0px 0px;border-color:#eae9e9;border-style:solid;\" ><div class=\"fusion-builder-row fusion-row fusion-flex-align-items-flex-start\" style=\"max-width:1456px;margin-left: calc(-4% \/ 2 );margin-right: calc(-4% \/ 2 );\"><div class=\"fusion-layout-column fusion_builder_column fusion-builder-column-0 fusion_builder_column_1_1 1_1 fusion-flex-column\"><div class=\"fusion-column-wrapper fusion-flex-justify-content-flex-start fusion-content-layout-column\" style=\"background-position:left top;background-repeat:no-repeat;-webkit-background-size:cover;-moz-background-size:cover;-o-background-size:cover;background-size:cover;padding: 0px 0px 0px 0px;\"><style type=\"text\/css\">@media only screen and (max-width:1024px) {.fusion-title.fusion-title-1{margin-top:30px!important; margin-right:!important;margin-bottom:20px!important;margin-left:!important;}}@media only screen and (max-width:768px) {.fusion-title.fusion-title-1{margin-top:15px!important; margin-right:0px!important;margin-bottom:10px!important; margin-left:0px!important;}}<\/style><div class=\"fusion-title title fusion-title-1 fusion-sep-none fusion-title-center fusion-title-text fusion-title-size-one\" style=\"margin-top:30px;margin-bottom:20px;\"><h1 class=\"title-heading-center fusion-responsive-typography-calculated\" style=\"margin:0;--fontSize:60;line-height:1;\">Kontaktieren Sie uns !<\/h1><\/div><\/div><style type=\"text\/css\">.fusion-body .fusion-builder-column-0{width:100% !important;margin-top : 0px;margin-bottom : 20px;}.fusion-builder-column-0 > .fusion-column-wrapper {padding-top : 0px !important;padding-right : 0px !important;margin-right : 1.92%;padding-bottom : 0px !important;padding-left : 0px !important;margin-left : 1.92%;}@media only screen and (max-width:1024px) {.fusion-body .fusion-builder-column-0{width:100% !important;order : 0;}.fusion-builder-column-0 > .fusion-column-wrapper {margin-right : 1.92%;margin-left : 1.92%;}}@media only screen and (max-width:768px) {.fusion-body .fusion-builder-column-0{width:100% !important;order : 0;}.fusion-builder-column-0 > .fusion-column-wrapper {margin-right : 1.92%;margin-left : 1.92%;}}<\/style><\/div><\/div><style type=\"text\/css\">.fusion-body .fusion-flex-container.fusion-builder-row-1{ padding-top : 0px;margin-top : 0px;padding-right : 0px;padding-bottom : 0px;margin-bottom : 0px;padding-left : 0px;}<\/style><\/div><div class=\"fusion-fullwidth fullwidth-box fusion-builder-row-2 fusion-flex-container nonhundred-percent-fullwidth non-hundred-percent-height-scrolling\" style=\"background-color: rgba(255,255,255,0);background-position: center center;background-repeat: no-repeat;border-width: 0px 0px 0px 0px;border-color:#eae9e9;border-style:solid;\" ><div class=\"fusion-builder-row fusion-row fusion-flex-align-items-flex-start fusion-flex-justify-content-center\" style=\"max-width:1456px;margin-left: calc(-4% \/ 2 );margin-right: calc(-4% \/ 2 );\"><div class=\"fusion-layout-column fusion_builder_column fusion-builder-column-1 fusion_builder_column_3_5 3_5 fusion-flex-column\"><div class=\"fusion-column-wrapper fusion-flex-justify-content-flex-start fusion-content-layout-column\" style=\"background-position:left top;background-repeat:no-repeat;-webkit-background-size:cover;-moz-background-size:cover;-o-background-size:cover;background-size:cover;padding: 0px 0px 0px 0px;\"><div class=\"fusion-text fusion-text-1\"><p>Um zu reservieren, oder wenn Sie vor Ihrer Online-Buchung noch Fragen haben, k\u00f6nnen Sie uns telefonisch oder per E-Mail oder \u00fcber das Kontaktformular kontaktieren.<br \/>\nWir werden Ihnen so schnell wie m\u00f6glich antworten.<\/p>\n<\/div><\/div><style type=\"text\/css\">.fusion-body .fusion-builder-column-1{width:60% !important;margin-top : 0px;margin-bottom : 20px;}.fusion-builder-column-1 > .fusion-column-wrapper {padding-top : 0px !important;padding-right : 0px !important;margin-right : 3.2%;padding-bottom : 0px !important;padding-left : 0px !important;margin-left : 3.2%;}@media only screen and (max-width:1024px) {.fusion-body .fusion-builder-column-1{width:60% !important;order : 0;}.fusion-builder-column-1 > .fusion-column-wrapper {margin-right : 3.2%;margin-left : 3.2%;}}@media only screen and (max-width:768px) {.fusion-body .fusion-builder-column-1{width:100% !important;order : 0;}.fusion-builder-column-1 > .fusion-column-wrapper {margin-right : 1.92%;margin-left : 1.92%;}}<\/style><\/div><div class=\"fusion-layout-column fusion_builder_column fusion-builder-column-2 fusion_builder_column_2_5 2_5 fusion-flex-column\"><div class=\"fusion-column-wrapper fusion-flex-justify-content-flex-start fusion-content-layout-column\" style=\"background-position:left top;background-repeat:no-repeat;-webkit-background-size:cover;-moz-background-size:cover;-o-background-size:cover;background-size:cover;padding: 0px 0px 0px 0px;\"><div ><style>.fusion-body .fusion-button.button-1{border-radius:4px 4px 4px 4px;}<\/style><a class=\"fusion-button button-flat fusion-button-default-size button-default button-1 fusion-button-default-span fusion-button-default-type bouton-cadre\" target=\"_blank\" rel=\"noopener noreferrer\" href=\"https:\/\/ardeche-mb-prestataire.for-system.com\/f126795_de-.aspx\"><span class=\"fusion-button-text\">Sie k\u00f6nnen Ihr Zimmer auch direkt hier ausw\u00e4hlen und buchen &gt;<\/span><\/a><\/div><\/div><style type=\"text\/css\">.fusion-body .fusion-builder-column-2{width:40% !important;margin-top : 0px;margin-bottom : 20px;}.fusion-builder-column-2 > .fusion-column-wrapper {padding-top : 0px !important;padding-right : 0px !important;margin-right : 4.8%;padding-bottom : 0px !important;padding-left : 0px !important;margin-left : 4.8%;}@media only screen and (max-width:1024px) {.fusion-body .fusion-builder-column-2{width:40% !important;order : 0;}.fusion-builder-column-2 > .fusion-column-wrapper {margin-right : 4.8%;margin-left : 4.8%;}}@media only screen and (max-width:768px) {.fusion-body .fusion-builder-column-2{width:100% !important;order : 0;}.fusion-builder-column-2 > .fusion-column-wrapper {margin-right : 1.92%;margin-left : 1.92%;}}<\/style><\/div><div class=\"fusion-layout-column fusion_builder_column fusion-builder-column-3 fusion_builder_column_1_4 1_4 fusion-flex-column infos-strong-underline\"><div class=\"fusion-column-wrapper fusion-flex-justify-content-flex-start fusion-content-layout-column\" style=\"background-position:left top;background-repeat:no-repeat;-webkit-background-size:cover;-moz-background-size:cover;-o-background-size:cover;background-size:cover;padding: 0px 0px 0px 0px;\"><strong><i class=\"picto-telephone\"><\/i> Telefonisch<\/strong><div class=\"fusion-text fusion-text-2\"><p><a href=\"tel:+33631696559\">+33 (0)6 31 69 65 59<\/a><\/p>\n<\/div><\/div><style type=\"text\/css\">.fusion-body .fusion-builder-column-3{width:25% !important;margin-top : 0px;margin-bottom : 20px;}.fusion-builder-column-3 > .fusion-column-wrapper {padding-top : 0px !important;padding-right : 0px !important;margin-right : 7.68%;padding-bottom : 0px !important;padding-left : 0px !important;margin-left : 7.68%;}@media only screen and (max-width:1024px) {.fusion-body .fusion-builder-column-3{width:25% !important;order : 0;}.fusion-builder-column-3 > .fusion-column-wrapper {margin-right : 7.68%;margin-left : 7.68%;}}@media only screen and (max-width:768px) {.fusion-body .fusion-builder-column-3{width:100% !important;order : 0;}.fusion-builder-column-3 > .fusion-column-wrapper {margin-right : 1.92%;margin-left : 1.92%;}}<\/style><\/div><div class=\"fusion-layout-column fusion_builder_column fusion-builder-column-4 fusion_builder_column_1_4 1_4 fusion-flex-column infos-strong-underline\"><div class=\"fusion-column-wrapper fusion-flex-justify-content-flex-start fusion-content-layout-column\" style=\"background-position:left top;background-repeat:no-repeat;-webkit-background-size:cover;-moz-background-size:cover;-o-background-size:cover;background-size:cover;padding: 0px 0px 0px 0px;\"><strong><i class=\"picto-email\"><\/i> Per E-Mail<\/strong><div class=\"fusion-text fusion-text-3 bleu-lagon\"><p>ohlabellevue07@gmail.com<\/p>\n<\/div><\/div><style type=\"text\/css\">.fusion-body .fusion-builder-column-4{width:25% !important;margin-top : 0px;margin-bottom : 20px;}.fusion-builder-column-4 > .fusion-column-wrapper {padding-top : 0px !important;padding-right : 0px !important;margin-right : 7.68%;padding-bottom : 0px !important;padding-left : 0px !important;margin-left : 7.68%;}@media only screen and (max-width:1024px) {.fusion-body .fusion-builder-column-4{width:25% !important;order : 0;}.fusion-builder-column-4 > .fusion-column-wrapper {margin-right : 7.68%;margin-left : 7.68%;}}@media only screen and (max-width:768px) {.fusion-body .fusion-builder-column-4{width:100% !important;order : 0;}.fusion-builder-column-4 > .fusion-column-wrapper {margin-right : 1.92%;margin-left : 1.92%;}}<\/style><\/div><div class=\"fusion-layout-column fusion_builder_column fusion-builder-column-5 fusion_builder_column_1_1 1_1 fusion-flex-column infos-strong-underline\"><div class=\"fusion-column-wrapper fusion-flex-justify-content-flex-start fusion-content-layout-column\" style=\"background-position:left top;background-repeat:no-repeat;-webkit-background-size:cover;-moz-background-size:cover;-o-background-size:cover;background-size:cover;padding: 30px 0px 0px 0px;\"><strong><i class=\"picto-email\"><\/i> Mit dem Kontaktformular<\/strong><\/div><style type=\"text\/css\">.fusion-body .fusion-builder-column-5{width:100% !important;margin-top : 0px;margin-bottom : 20px;}.fusion-builder-column-5 > .fusion-column-wrapper {padding-top : 30px !important;padding-right : 0px !important;margin-right : 1.92%;padding-bottom : 0px !important;padding-left : 0px !important;margin-left : 1.92%;}@media only screen and (max-width:1024px) {.fusion-body .fusion-builder-column-5{width:100% !important;order : 0;}.fusion-builder-column-5 > .fusion-column-wrapper {margin-right : 1.92%;margin-left : 1.92%;}}@media only screen and (max-width:768px) {.fusion-body .fusion-builder-column-5{width:100% !important;order : 0;}.fusion-builder-column-5 > .fusion-column-wrapper {margin-right : 1.92%;margin-left : 1.92%;}}<\/style><\/div><div class=\"fusion-layout-column fusion_builder_column fusion-builder-column-6 fusion_builder_column_1_1 1_1 fusion-flex-column\"><div class=\"fusion-column-wrapper fusion-flex-justify-content-flex-start fusion-content-layout-column\" style=\"background-position:left top;background-repeat:no-repeat;-webkit-background-size:cover;-moz-background-size:cover;-o-background-size:cover;background-size:cover;padding: 0px 0px 0px 0px;\">\t\t<style>\n        .help-block { display:none !important }\n\t\t#ui-datepicker-div { font-size: 1em; z-index:100 !important }\n\t\t.ui-datepicker td { padding:1px ; }\n\t\t\/*form*\/\n\t\t.has-error .g-recaptcha iframe { border: 2px solid #a94442; border-radius:3px; }\n\t\t.bootstrap .form-horizontal .form-group { margin-left:0; margin-right:0; margin-bottom:5px }\n\t\t.bootstrap fieldset { padding:0 5px; }\n\t\t.bootstrap legend { color:#fff; background: rgba(103, 93, 92, 0.05); font-size: 19px; padding-left: 10px; }\n\t\t.bootstrap label { font-weight:normal; padding-top:0 ; }\n\t\t.bootstrap label.lb_rgpd { border-left:1px solid transparent; padding-left:5px; display:inline-block ; border-radius:3px; padding:5px 5px 5px 10px }\n\t\t\/*.bootstrap label.lb_rgpd.has-error { border-color:rgb(185, 74, 72); }*\/\n\t\t.bootstrap label.lb_rgpd input { margin-top:0; }\n\t\t.bootstrap label.lb_rgpd a { text-decoration:underline; }\n\t\t.bootstrap input, .bootstrap textarea { font-size:0.90em ; }\n\t\t.bootstrap input#validerFormContact { padding:5px 20px; color:#fff }\n\t\t@media (max-width: 1200px) and (min-width:768px) {\n\t\t\t.g-recaptcha { display:inline-block ; }\n\t\t}\n\t\t@media (max-width: 767px) {\n\t\t\t.form-group.norequired { display:none; }\n\t\t\t.bootstrap label { display:none; }\n\t\t\t.bootstrap fieldset { padding:15px 0px !important; }\n\t\t\t.bootstrap fieldset legend { margin-bottom:0px !important; }\n\t\t}\n\t\t\n\t\t.bootstrap label.lb_rgpd.has-error { background-color: #f2dede; border-color: #ebccd1; color: #a94442 }\n\t\t.bootstrap label.lb_rgpd.has-error input[type=checkbox] {\n\t\t\t-webkit-appearance: none; -moz-appearance: none; -ms-appearance: none;\n\t\t    border-radius: 2px; height: 13px; width: 13px;\n\t\t\tbackground: #a94442; border-color: transparent;\n\t\t}\n\t\t\n\t\t.spinner { margin: 0 auto; width: 50px; height: 20px; text-align: center; font-size: 10px; }\n\t\t.spinner > div { background-color: #666; margin:0 1px; height: 100%; width: 6px; display: inline-block; -webkit-animation: sk-stretchdelay 1.2s infinite ease-in-out; animation: sk-stretchdelay 1.2s infinite ease-in-out; }\n\t\t.spinner .rect2 { -webkit-animation-delay: -1.1s; animation-delay: -1.1s; }\n\t\t.spinner .rect3 { -webkit-animation-delay: -1.0s; animation-delay: -1.0s; }\n\t\t.spinner .rect4 { -webkit-animation-delay: -0.9s; animation-delay: -0.9s; }\n\t\t.spinner .rect5 { -webkit-animation-delay: -0.8s; animation-delay: -0.8s; }\n\t\t@-webkit-keyframes sk-stretchdelay { 0%, 40%, 100% { -webkit-transform: scaleY(0.4) } 20% { -webkit-transform: scaleY(1.0) } }\n\t\t@keyframes sk-stretchdelay { 0%, 40%, 100% { transform: scaleY(0.4); -webkit-transform: scaleY(0.4); }  20% {  transform: scaleY(1.0); -webkit-transform: scaleY(1.0); } }\n\t\t\n        <\/style>\n        \n        <div class=\"bootstrap row-bs\">\n            <form method=\"post\" action=\"\/de\/wp-json\/wp\/v2\/pages\/1980\" class=\"form-horizontal formContact\" role=\"form\">\n                <div class=\"form-error-recaptcha alert alert-danger\" style=\"display:none\"><strong>Ihre Nachricht konnte nicht gesendet werden!<\/strong><ul><li>Die Anti-Spam-Regelung ist nicht g\u00fcltig.<\/li><\/ul><\/div>\n                <div class=\"form-success alert alert-success\" style=\"display:none\">Ihre Nachricht wurde erfolgreich gesendet. Wir werden so schnell wie m\u00f6glich antworten.<\/div>\n                <div class=\"form-spinner alert\" style=\"display:none\"><div class=\"spinner\"><div class=\"rect1\"><\/div><div class=\"rect2\"><\/div><div class=\"rect3\"><\/div><div class=\"rect4\"><\/div><div class=\"rect5\"><\/div><\/div><\/div>\n                <input type=\"hidden\" name=\"Langue\" id=\"Langue\" value=\"Allemande\" \/>\n                \n                <fieldset class=\"col-sm-6\" style=\"padding-left:0\">                    \n                    <legend>Ihre Angaben<\/legend>\n                    <div class=\"form-group\">\n                        <label for=\"Prenom\" class=\"col-sm-4 control-label\">Vorname *<\/label>\n                        <div class=\"col-xs-12 col-sm-7 input-group input-group-sm\"><div class=\"input-group-addon\"><span class=\"fa fa-user\" aria-hidden=\"true\"><\/span><\/div><input autocomplete=\"given-name\" data-validation=\"required\" type=\"text\" class=\"form-control\" name=\"Prenom\" id=\"Prenom\" placeholder=\"Vorname\" value=\"\"><\/div>\n                    <\/div>\n                    <div class=\"form-group\">\n                        <label for=\"Nom\" class=\"col-sm-4 control-label\">Name *<\/label>\n                        <div class=\"col-xs-12 col-sm-7 input-group input-group-sm\"><div class=\"input-group-addon\"><span class=\"fa fa-user\" aria-hidden=\"true\"><\/span><\/div><input autocomplete=\"family-name\" data-validation=\"required\" type=\"text\" class=\"form-control\" name=\"Nom\" id=\"Nom\" placeholder=\"Name\" value=\"\"><\/div>\n                    <\/div>\n                    <div class=\"form-group\">\n                        <label for=\"Mail\" class=\"col-sm-4 control-label\">E-Mail *<\/label>\n                        <div class=\"col-xs-12 col-sm-7 input-group input-group-sm\"><div class=\"input-group-addon\"><span class=\"fa fa-envelope\" aria-hidden=\"true\"><\/span><\/div><input autocomplete=\"email\" data-validation=\"email\" type=\"text\" class=\"form-control\" name=\"Mail\" id=\"Mail\" placeholder=\"E-Mail\" value=\"\"><\/div>\n                    <\/div>\n                                        <div class=\"form-group\">\n                        <label for=\"Telephone\" class=\"col-sm-4 control-label\">Telefonnummer *<\/label>\n                        <div class=\"col-xs-12 col-sm-7 input-group input-group-sm\"><div class=\"input-group-addon\"><span class=\"fa fa-phone\" aria-hidden=\"true\"><\/span><\/div><input autocomplete=\"tel\" data-validation=\"required\" type=\"text\" class=\"form-control\" name=\"Telephone\" id=\"Telephone\" placeholder=\"Telefonnummer\" value=\"\"><\/div>\n                    <\/div>           \n                <\/fieldset>\n                \n                <fieldset class=\"col-sm-6\" style=\"padding-right:0\">\n                    <legend>Ihr Aufenthalt<\/legend>\n                                        <div class=\"form-group\">\n                        <label for=\"Message\" class=\"col-sm-4 control-label\">Nachricht *<\/label>\n                        <div class=\"col-xs-12 col-sm-7 input-group input-group-sm\"><div class=\"input-group-addon\"><span class=\"fa fa-comment\" aria-hidden=\"true\"><\/span><\/div><textarea data-validation=\"required\" style=\"height:150px;\" class=\"form-control\" name=\"Message\" id=\"Message\" placeholder=\"Nachricht\"><\/textarea><\/div>\n                    <\/div>\n                    <div class=\"form-group\">\n                        <div class=\"col-lg-4\"><\/div>\t\n                        <div class=\"col-xs-12 col-sm-11 col-lg-7 input-group input-group-sm\" style=\"text-align:right\"><div class=\"g-recaptcha\" data-sitekey=\"6LclcwQiAAAAAKehs_DMHmfGjbMfCb1iT1Kb9l6y\"><\/div><\/div>\n                    <\/div>                    \n                    <div class=\"form-group\">\n                    \t<div class=\"col-lg-4\"><\/div>\n                   \t\t<div class=\"col-xs-12 col-sm-11 col-lg-7 input-group input-group-sm\">\n                           <label for=\"rgpd\" class=\"lb_rgpd\">\n                        \t\t<input data-validation=\"required\" type=\"checkbox\" value=\"rgpd\" name=\"rgpd\" id=\"rgpd\"><p style=\"font-size: 0.9em; padding-left: 5px; display: inline;\">Mit dem Absenden dieses Formulars erkl\u00e4re ich mich damit einverstanden, dass die eingegebenen Informationen im Rahmen der Gesch\u00e4ftsbeziehung verwendet werden, die daraus entstehen kann.<\/p>\n                            <\/label>\n                        <\/div>\n                    <\/div>                    \n                    <div class=\"form-group\">\n                        <div class=\"col-lg-4\"><\/div>\n                        <div class=\"col-xs-12 col-sm-11 col-lg-7 input-group input-group-sm\"><input type=\"submit\" name=\"validerFormContact\" id=\"validerFormContact\" value=\"Validieren >\" class=\"fusion-button button-flat button-round button-large button-default bouton-cadre\" \/><\/div>\n                    <\/div>\n                    <div class=\"form-group\" style=\"margin-top:20px\">\n                        <div class=\"col-sm-2\"><\/div>                    \n                        <div class=\"col-xs-12 col-sm-9 input-group input-group-sm\" style=\"font-size:0.9em\">\n                        \t<p>Um Ihre Rechte zu erfahren und auszu\u00fcben, einschlie\u00dflich des Widerrufs Ihrer Zustimmung zur Verwendung der \u00fcber dieses Formular erfassten Daten, lesen Sie bitte unsere <a href=\"https:\/\/www.ohlabellevue.com\/mentions-legales\/\">Datenschutzrichtlinien<\/a> (auf Franz\u00f6sisch).<\/p>\n                        \t<p>* Pflichtfelder<\/p>\n\t\t\t\t\t\t<\/div>\n                    <\/div>\n                <\/fieldset>\n            <\/form>\n        <\/div>\n        <script type=\"text\/javascript\">\n\t\tjQuery(document).ready(function(){\t\t\n\t\t\t\n\t\t\t\/*validation formulaires*\/\n\t\t\tvar langue = 'de';\n\t\t\tif (langue == 'fr'){\n\t\t\t\tvar myLanguage = { errorTitle: 'Le formulaire n\\'a pas pu \u00eatre envoy\u00e9 !' }\n\t\t\t}else\n\t\t\t\tmyLanguage = {};\n\n\t\t\tjQuery.validate({\n\t\t\t\tform : '.formContact',\n\t\t\t\tlang: langue,\n\t\t\t\tlanguage : myLanguage,\n\t\t\t\terrorMessagePosition: 'top',\n\t\t\t\tscrollToTopOnError : false,\n\t\t\t\tonSuccess: function($form) {\n\t\t\t\t\tjQuery('.form-error-recaptcha').hide();\n\t\t\t\t\tjQuery('.form-success').hide();\n\t\t\t\t\tjQuery('.form-spinner').show();\n\t\t\t\t\tjQuery('html, body').animate({scrollTop:jQuery('.formContact').offset().top - 80 }, 'slow');\n\t\t\t\t\t\/\/ajax verif recaptcha + envoi mail + message erreur\/succ\u00e8s\n\t\t\t\t\tjQuery.post(\n\t\t\t\t\t\t'https:\/\/www.ohlabellevue.com\/wp-admin\/admin-ajax.php',\n\t\t\t\t\t\t{\n\t\t\t\t\t\t\t'action': 'sendformContact',\n\t\t\t\t\t\t\t'form': jQuery('.formContact').serialize()\n\t\t\t\t\t\t},\n\t\t\t\t\t\tfunction(response){\n\t\t\t\t\t\t\tif (!response.captcha){\n\t\t\t\t\t\t\t\tjQuery('.g-recaptcha').parent().addClass('has-error');\n\t\t\t\t\t\t\t\tjQuery('.form-error-recaptcha').show();\n\t\t\t\t\t\t\t\tjQuery('.form-spinner').hide();\n\t\t\t\t\t\t\t}else{\n\t\t\t\t\t\t\t\tjQuery('.g-recaptcha').parent().removeClass('has-error');\n\t\t\t\t\t\t\t\t\/\/raz formulaire\n\t\t\t\t\t\t\t\tif (response.send){\n\t\t\t\t\t\t\t\t\t\/\/message form ok\n\t\t\t\t\t\t\t\t\tjQuery('.formContact').trigger('reset');\n\t\t\t\t\t\t\t\t\tjQuery('.form-spinner').hide();\n\t\t\t\t\t\t\t\t\tjQuery('.form-error-recaptcha').hide();\n\t\t\t\t\t\t\t\t\tjQuery('.form-success').show();\n\t\t\t\t\t\t\t\t}else{\n\t\t\t\t\t\t\t\t\tjQuery('.form-spinner').hide();\n\t\t\t\t\t\t\t\t\tjQuery('.form-success').hide();\n\t\t\t\t\t\t\t\t\tjQuery('.form-error-recaptcha').show();\n\t\t\t\t\t\t\t\t}\n\t\t\t\t\t\t\t}\n\t\t\t\t\t\t},\n\t\t\t\t\t\t\"json\"\n\t\t\t\t\t);\n\t\t\t\t\tgrecaptcha.reset();\n\t\t\t\t\tjQuery('html, body').animate({scrollTop:jQuery('.formContact').offset().top - 80 }, 'slow');\n\t\t\t\t\treturn false;\n    \t\t\t},\n\t\t\t\tonError: function($form) {\n\t\t\t\t\tjQuery('.form-spinner').hide();\n\t\t\t\t\tjQuery('.form-error-recaptcha').hide();\n\t\t\t\t\tjQuery('.form-success').hide();\n\t\t\t\t\t\/\/scroll jusqu'au message erreur\n\t\t\t\t\tjQuery('html, body').animate({scrollTop:jQuery('.formContact').offset().top - 80 }, 'slow');\n    \t\t\t}\n\t\t\t});\n\t\t\t\n\t\t\tjQuery(\"#datea\").datepicker({\n\t\t\t\tdateFormat: 'dd\/mm\/yy',\n\t\t\t\tchangeMonth: true,\n\t\t\t\tnumberOfMonths: 1,\n\t\t\t\tonClose: function( selectedDate ) {\n\t\t\t\t\tjQuery(\"#dated\").datepicker( \"option\", \"minDate\", selectedDate );\n\t\t\t\t}\n\t\t\t});        \n\t\t\tjQuery(\"#dated\").datepicker({\n\t\t\t\t\/*defaultDate: \"+1w\",*\/\n\t\t\t\tdateFormat: 'dd\/mm\/yy',\n\t\t\t\tchangeMonth: true,\n\t\t\t\tnumberOfMonths: 1,\n\t\t\t\tonClose: function( selectedDate ) {                \n\t\t\t\t\tjQuery(\"#datea\").datepicker( \"option\", \"maxDate\", selectedDate );            \n\t\t\t\t}   \n\t\t\t});    \n\n\t\t});\n        <\/script>\n\t\t<\/div><style type=\"text\/css\">.fusion-body .fusion-builder-column-6{width:100% !important;margin-top : 0px;margin-bottom : 20px;}.fusion-builder-column-6 > .fusion-column-wrapper {padding-top : 0px !important;padding-right : 0px !important;margin-right : 1.92%;padding-bottom : 0px !important;padding-left : 0px !important;margin-left : 1.92%;}@media only screen and (max-width:1024px) {.fusion-body .fusion-builder-column-6{width:100% !important;order : 0;}.fusion-builder-column-6 > .fusion-column-wrapper {margin-right : 1.92%;margin-left : 1.92%;}}@media only screen and (max-width:768px) {.fusion-body .fusion-builder-column-6{width:100% !important;order : 0;}.fusion-builder-column-6 > .fusion-column-wrapper {margin-right : 1.92%;margin-left : 1.92%;}}<\/style><\/div><\/div><style type=\"text\/css\">.fusion-body .fusion-flex-container.fusion-builder-row-2{ padding-top : 0px;margin-top : 0px;padding-right : 0px;padding-bottom : 0px;margin-bottom : 0px;padding-left : 0px;}<\/style><\/div><\/p>\n","protected":false},"excerpt":{"rendered":"","protected":false},"author":1,"featured_media":1956,"parent":0,"menu_order":0,"comment_status":"closed","ping_status":"closed","template":"100-width.php","meta":{"footnotes":""},"class_list":["post-1980","page","type-page","status-publish","has-post-thumbnail","hentry"],"_links":{"self":[{"href":"https:\/\/www.ohlabellevue.com\/de\/wp-json\/wp\/v2\/pages\/1980","targetHints":{"allow":["GET"]}}],"collection":[{"href":"https:\/\/www.ohlabellevue.com\/de\/wp-json\/wp\/v2\/pages"}],"about":[{"href":"https:\/\/www.ohlabellevue.com\/de\/wp-json\/wp\/v2\/types\/page"}],"author":[{"embeddable":true,"href":"https:\/\/www.ohlabellevue.com\/de\/wp-json\/wp\/v2\/users\/1"}],"replies":[{"embeddable":true,"href":"https:\/\/www.ohlabellevue.com\/de\/wp-json\/wp\/v2\/comments?post=1980"}],"version-history":[{"count":3,"href":"https:\/\/www.ohlabellevue.com\/de\/wp-json\/wp\/v2\/pages\/1980\/revisions"}],"predecessor-version":[{"id":2253,"href":"https:\/\/www.ohlabellevue.com\/de\/wp-json\/wp\/v2\/pages\/1980\/revisions\/2253"}],"wp:featuredmedia":[{"embeddable":true,"href":"https:\/\/www.ohlabellevue.com\/de\/wp-json\/wp\/v2\/media\/1956"}],"wp:attachment":[{"href":"https:\/\/www.ohlabellevue.com\/de\/wp-json\/wp\/v2\/media?parent=1980"}],"curies":[{"name":"wp","href":"https:\/\/api.w.org\/{rel}","templated":true}]}}