{"id":1977,"date":"2022-07-11T16:38:28","date_gmt":"2022-07-11T14:38:28","guid":{"rendered":"https:\/\/www.ohlabellevue.com\/acces\/"},"modified":"2022-11-10T17:00:57","modified_gmt":"2022-11-10T16:00:57","slug":"access","status":"publish","type":"page","link":"https:\/\/www.ohlabellevue.com\/en\/access\/","title":{"rendered":"Access"},"content":{"rendered":"<p><div class=\"fusion-fullwidth fullwidth-box fusion-builder-row-1 fusion-flex-container bloc-title nonhundred-percent-fullwidth non-hundred-percent-height-scrolling\" style=\"background-color: rgba(255,255,255,0);background-position: center center;background-repeat: no-repeat;border-width: 0px 0px 0px 0px;border-color:#eae9e9;border-style:solid;\" ><div class=\"fusion-builder-row fusion-row fusion-flex-align-items-flex-start fusion-flex-justify-content-center\" style=\"max-width:1456px;margin-left: calc(-4% \/ 2 );margin-right: calc(-4% \/ 2 );\"><div class=\"fusion-layout-column fusion_builder_column fusion-builder-column-0 fusion_builder_column_1_1 1_1 fusion-flex-column\"><div class=\"fusion-column-wrapper fusion-flex-justify-content-flex-start fusion-content-layout-column\" style=\"background-position:left top;background-repeat:no-repeat;-webkit-background-size:cover;-moz-background-size:cover;-o-background-size:cover;background-size:cover;padding: 0px 0px 0px 0px;\"><style type=\"text\/css\">@media only screen and (max-width:1024px) {.fusion-title.fusion-title-1{margin-top:30px!important; margin-right:!important;margin-bottom:20px!important;margin-left:!important;}}@media only screen and (max-width:768px) {.fusion-title.fusion-title-1{margin-top:15px!important; margin-right:0px!important;margin-bottom:10px!important; margin-left:0px!important;}}<\/style><div class=\"fusion-title title fusion-title-1 fusion-sep-none fusion-title-center fusion-title-text fusion-title-size-one\" style=\"margin-top:30px;margin-bottom:20px;\"><h1 class=\"title-heading-center fusion-responsive-typography-calculated\" style=\"margin:0;--fontSize:60;line-height:1;\">How to get to us<\/h1><\/div><\/div><style type=\"text\/css\">.fusion-body .fusion-builder-column-0{width:100% !important;margin-top : 0px;margin-bottom : 20px;}.fusion-builder-column-0 > .fusion-column-wrapper {padding-top : 0px !important;padding-right : 0px !important;margin-right : 1.92%;padding-bottom : 0px !important;padding-left : 0px !important;margin-left : 1.92%;}@media only screen and (max-width:1024px) {.fusion-body .fusion-builder-column-0{width:100% !important;order : 0;}.fusion-builder-column-0 > .fusion-column-wrapper {margin-right : 1.92%;margin-left : 1.92%;}}@media only screen and (max-width:768px) {.fusion-body .fusion-builder-column-0{width:100% !important;order : 0;}.fusion-builder-column-0 > .fusion-column-wrapper {margin-right : 1.92%;margin-left : 1.92%;}}<\/style><\/div><\/div><style type=\"text\/css\">.fusion-body .fusion-flex-container.fusion-builder-row-1{ padding-top : 0px;margin-top : 0px;padding-right : 0px;padding-bottom : 0px;margin-bottom : 0px;padding-left : 0px;}<\/style><\/div><div class=\"fusion-fullwidth fullwidth-box fusion-builder-row-2 fusion-flex-container nonhundred-percent-fullwidth non-hundred-percent-height-scrolling\" style=\"background-color: rgba(255,255,255,0);background-position: center center;background-repeat: no-repeat;border-width: 0px 0px 0px 0px;border-color:#eae9e9;border-style:solid;\" ><div class=\"fusion-builder-row fusion-row fusion-flex-align-items-flex-start fusion-flex-justify-content-center\" style=\"max-width:1456px;margin-left: calc(-4% \/ 2 );margin-right: calc(-4% \/ 2 );\"><div class=\"fusion-layout-column fusion_builder_column fusion-builder-column-1 fusion_builder_column_1_1 1_1 fusion-flex-column\"><div class=\"fusion-column-wrapper fusion-flex-justify-content-flex-start fusion-content-layout-column\" style=\"background-position:left top;background-repeat:no-repeat;-webkit-background-size:cover;-moz-background-size:cover;-o-background-size:cover;background-size:cover;padding: 0px 0px 0px 0px;\"><div class=\"fusion-text fusion-text-1\"><p style=\"text-align: center;\">The Bed &amp; Breakfast OH LA BELLE VUE!, qualified \u00ab Chambres d\u2019H\u00f4tes R\u00e9f\u00e9rence \u00bb by the Tourist Office, are easily accessible, close to Aubenas and the thermal city of Vals les Bains.<\/p>\n<\/div><\/div><style type=\"text\/css\">.fusion-body .fusion-builder-column-1{width:100% !important;margin-top : 0px;margin-bottom : 20px;}.fusion-builder-column-1 > .fusion-column-wrapper {padding-top : 0px !important;padding-right : 0px !important;margin-right : 1.92%;padding-bottom : 0px !important;padding-left : 0px !important;margin-left : 1.92%;}@media only screen and (max-width:1024px) {.fusion-body .fusion-builder-column-1{width:100% !important;order : 0;}.fusion-builder-column-1 > .fusion-column-wrapper {margin-right : 1.92%;margin-left : 1.92%;}}@media only screen and (max-width:768px) {.fusion-body .fusion-builder-column-1{width:100% !important;order : 0;}.fusion-builder-column-1 > .fusion-column-wrapper {margin-right : 1.92%;margin-left : 1.92%;}}<\/style><\/div><div class=\"fusion-layout-column fusion_builder_column fusion-builder-column-2 fusion_builder_column_1_4 1_4 fusion-flex-column infos-strong-underline\"><div class=\"fusion-column-wrapper fusion-flex-justify-content-flex-start fusion-content-layout-column\" style=\"background-position:left top;background-repeat:no-repeat;-webkit-background-size:cover;-moz-background-size:cover;-o-background-size:cover;background-size:cover;padding: 0px 0px 0px 0px;\"><strong><i class=\"picto-email\"><\/i> Address<\/strong><div class=\"fusion-text fusion-text-2\"><p>88 Route de Prades<br \/>\nQuartier de Farges<br \/>\n07200 Mercuer<br \/>\nArd\u00e8che<br \/>\nFrance<\/p>\n<\/div><\/div><style type=\"text\/css\">.fusion-body .fusion-builder-column-2{width:25% !important;margin-top : 0px;margin-bottom : 20px;}.fusion-builder-column-2 > .fusion-column-wrapper {padding-top : 0px !important;padding-right : 0px !important;margin-right : 7.68%;padding-bottom : 0px !important;padding-left : 0px !important;margin-left : 7.68%;}@media only screen and (max-width:1024px) {.fusion-body .fusion-builder-column-2{width:25% !important;order : 0;}.fusion-builder-column-2 > .fusion-column-wrapper {margin-right : 7.68%;margin-left : 7.68%;}}@media only screen and (max-width:768px) {.fusion-body .fusion-builder-column-2{width:100% !important;order : 0;}.fusion-builder-column-2 > .fusion-column-wrapper {margin-right : 1.92%;margin-left : 1.92%;}}<\/style><\/div><div class=\"fusion-layout-column fusion_builder_column fusion-builder-column-3 fusion_builder_column_1_4 1_4 fusion-flex-column infos-strong-underline\"><div class=\"fusion-column-wrapper fusion-flex-justify-content-flex-start fusion-content-layout-column\" style=\"background-position:left top;background-repeat:no-repeat;-webkit-background-size:cover;-moz-background-size:cover;-o-background-size:cover;background-size:cover;padding: 0px 0px 0px 0px;\"><strong><i class=\"picto-marker2\"><\/i> GPS coordinates<\/strong><div class=\"fusion-text fusion-text-3\"><p>44\u00b037'42.7\"N 4\u00b020'22.0\"E<br \/>\n44.628523 \/ 4.339442<\/p>\n<\/div><\/div><style type=\"text\/css\">.fusion-body .fusion-builder-column-3{width:25% !important;margin-top : 0px;margin-bottom : 20px;}.fusion-builder-column-3 > .fusion-column-wrapper {padding-top : 0px !important;padding-right : 0px !important;margin-right : 7.68%;padding-bottom : 0px !important;padding-left : 0px !important;margin-left : 7.68%;}@media only screen and (max-width:1024px) {.fusion-body .fusion-builder-column-3{width:25% !important;order : 0;}.fusion-builder-column-3 > .fusion-column-wrapper {margin-right : 7.68%;margin-left : 7.68%;}}@media only screen and (max-width:768px) {.fusion-body .fusion-builder-column-3{width:100% !important;order : 0;}.fusion-builder-column-3 > .fusion-column-wrapper {margin-right : 1.92%;margin-left : 1.92%;}}<\/style><\/div><div class=\"fusion-layout-column fusion_builder_column fusion-builder-column-4 fusion_builder_column_1_1 1_1 fusion-flex-column\"><div class=\"fusion-column-wrapper fusion-flex-justify-content-flex-start fusion-content-layout-column\" style=\"background-position:left top;background-repeat:no-repeat;-webkit-background-size:cover;-moz-background-size:cover;-o-background-size:cover;background-size:cover;padding: 30px 0px 0px 0px;\"><style type=\"text\/css\">@media only screen and (max-width:1024px) {.fusion-title.fusion-title-2{margin-top:30px!important; margin-right:!important;margin-bottom:20px!important;margin-left:!important;}}@media only screen and (max-width:768px) {.fusion-title.fusion-title-2{margin-top:15px!important; margin-right:0px!important;margin-bottom:10px!important; margin-left:0px!important;}}<\/style><div class=\"fusion-title title fusion-title-2 fusion-sep-none fusion-title-text fusion-title-size-two\" style=\"margin-top:30px;margin-bottom:20px;\"><h2 class=\"title-heading-left fusion-responsive-typography-calculated\" style=\"margin:0;--fontSize:35;line-height:1.5;\">By TGV high-speed train<\/h2><\/div><div class=\"fusion-text fusion-text-4\"><p>TGV railway stations in Mont\u00e9limar, Valence Ville and Valence TGV.<br \/>\nCar rental.<br \/>\nTER bus service to Aubenas Bus Station\/Gare Routi\u00e8re. Line 73 from Valence TGV and Valence Ville. Line 74 from Valence TGV and Mont\u00e9limar.<br \/>\nPossibility to book a taxi at the Bus Station in Aubenas. Contact us in advance.<\/p>\n<\/div><\/div><style type=\"text\/css\">.fusion-body .fusion-builder-column-4{width:100% !important;margin-top : 0px;margin-bottom : 20px;}.fusion-builder-column-4 > .fusion-column-wrapper {padding-top : 30px !important;padding-right : 0px !important;margin-right : 1.92%;padding-bottom : 0px !important;padding-left : 0px !important;margin-left : 1.92%;}@media only screen and (max-width:1024px) {.fusion-body .fusion-builder-column-4{width:100% !important;order : 0;}.fusion-builder-column-4 > .fusion-column-wrapper {margin-right : 1.92%;margin-left : 1.92%;}}@media only screen and (max-width:768px) {.fusion-body .fusion-builder-column-4{width:100% !important;order : 0;}.fusion-builder-column-4 > .fusion-column-wrapper {margin-right : 1.92%;margin-left : 1.92%;}}<\/style><\/div><div class=\"fusion-layout-column fusion_builder_column fusion-builder-column-5 fusion_builder_column_3_4 3_4 fusion-flex-column\"><div class=\"fusion-column-wrapper fusion-flex-justify-content-flex-start fusion-content-layout-column\" style=\"background-position:left top;background-repeat:no-repeat;-webkit-background-size:cover;-moz-background-size:cover;-o-background-size:cover;background-size:cover;padding: 0px 0px 0px 0px;\"><style type=\"text\/css\">@media only screen and (max-width:1024px) {.fusion-title.fusion-title-3{margin-top:30px!important; margin-right:!important;margin-bottom:20px!important;margin-left:!important;}}@media only screen and (max-width:768px) {.fusion-title.fusion-title-3{margin-top:15px!important; margin-right:0px!important;margin-bottom:10px!important; margin-left:0px!important;}}<\/style><div class=\"fusion-title title fusion-title-3 fusion-sep-none fusion-title-text fusion-title-size-two\" style=\"margin-top:30px;margin-bottom:20px;\"><h2 class=\"title-heading-left fusion-responsive-typography-calculated\" style=\"margin:0;--fontSize:35;line-height:1.5;\">By car<\/h2><\/div>\t\t<style type=\"text\/css\">\n\t\t\t\/*carte*\/\n\t\t\t#mapOsm { width:100%; height:570px; }\n\t\t\t#mapOsm .leaflet-pane .leaflet-marker-pane img { filter: hue-rotate(128deg) !important } \/*pour la couleur du marker*\/\n\t\t\t#mapOsm .leaflet-pane .leaflet-popup-content-wrapper { border-radius:4px !important } \/*popup*\/\n\t\t\t#mapOsm .leaflet-control-layers-base .leaflet-control-layers-selector { margin-top:0 !important; top:0 !important; vertical-align:middle; } \/*choix du fond de carte*\/\n\t\t\t#mapOsm .leaflet-control-layers-base label div span { vertical-align:middle; } \/*choix du fond de carte*\/\n\t\t\t\/*itin\u00e9raire*\/\n\t\t\t#routeOsm { margin-top:0px; }\n\t\t\t#routeOsm .title { display:block; padding:10px; background:#8a8a8a; color:#fff; font-size:14px; }\n\t\t\t#routeOsm h2 { font-size:22px !important } \n\t\t\t#routeOsm h3 { font-size:20px !important } \n\t\t\t#routeOsm .leaflet-routing-container { box-shadow:none !important; padding:0; }\n\t\t\t#routeOsm .leaflet-routing-geocoders { background:#896651; margin:0; padding-top:0; border-bottom:0px }\n\t\t\t#routeOsm .leaflet-routing-geocoders input { padding:5px; }\n\t\t\t#routeOsm .leaflet-routing-alt { max-height:525px !important }\n\t\t\t#routeOsm .leaflet-routing-container, #routeOsm .leaflet-routing-error, #routeOsm .leaflet-routing-container .leaflet-routing-alt > table { width:100%; }\n\t\t\t#routeOsm .leaflet-routing-alt tr:nth-child(odd) { background:#f3f3f3; }\n\t\t\t#routeOsm .leaflet-routing-alt-minimized, #routeOsm .leaflet-routing-geocoders .leaflet-routing-add-waypoint, #routeOsm .leaflet-routing-geocoders div:nth-child(2) { display:none; }\n\t\t\t.leaflet-routing-geocoder-result table, .leaflet-routing-geocoder-selected { color:#444 !important }\n\t\t\t.leaflet-routing-geocoder-result tr:hover { color:#000 !important }\n\t\t\t#routeOsm .leaflet-routing-container * { color:#000 !important }\n\t\t\t.bloc-itineraire .fusion-title { margin-top:0px !important; margin-bottom:10px !important }\n\t\t\t.leaflet-routing-geocoders { padding:0px !important }\n        <\/style>\n        <div id=\"mapOsm\"><\/div>\n        <script type=\"text\/javascript\">\n\t\t\tjQuery(document).ready(function(){\n\t\t\t\tmapOsm = L.map('mapOsm', {\n\t\t\t\t\tdragging: !L.Browser.mobile,\n\t\t\t\t\ttap: !L.Browser.mobile,\n\t\t\t\t\tscrollWheelZoom: false,\n\t\t\t\t\tzoom: 12,\n\t\t\t\t\tcenter: [44.628523, 4.339442],\n\t\t\t\t\tzoomControl: false \/\/suppression des boutons de zoom par d\u00e9faut (pour les traductions)\n\t\t\t\t});\n\t\t\t\t\n\t\t\t\tvar roadMap = L.tileLayer('https:\/\/{s}.tile.openstreetmap.org\/{z}\/{x}\/{y}.png', {\n\t\t\t\t\tattribution: '&copy; <a target=\"_blank\" href=\"https:\/\/www.openstreetmap.org\/copyright\">OpenStreetMap<\/a> contributors',\n\t\t\t\t\tminZoom: 1,\n\t\t\t\t\tmaxZoom: 20\n\t\t\t\t});\n\t\t\t\tvar satMap = L.tileLayer(\n\t\t\t\t\t'https:\/\/data.geopf.fr\/wmts?service=WMTS&request=GetTile&version=1.0.0&tilematrixset=PM&tilematrix={z}&tilecol={x}&tilerow={y}&layer=ORTHOIMAGERY.ORTHOPHOTOS&format=image\/jpeg&style=normal',\n\t\t\t\t\t{\n\t\t\t\t\t\tminZoom : 0,\n\t\t\t\t\t\tmaxZoom : 18,\n\t\t\t\t\t\ttileSize : 256,\n\t\t\t\t\t\tattribution : \"IGN-F\/G\u00e9oportail\"\n\t\t\t\t\t}\n\t\t\t\t);\n\t\t\t\tvar topoMap = L.tileLayer('https:\/\/{s}.tile.opentopomap.org\/{z}\/{x}\/{y}.png', {\n\t\t\t\t\tattribution: '&copy; <a href=\"http:\/\/osm.org\/copyright\">OpenStreetMap<\/a> contributors'\n\t\t\t\t});\t\t\t\t\n\t\t\t\t\/\/boutons switch entre les fonds de carte\n\t\t\t\tvar baseMaps = {\n\t\t\t\t\t\"\": roadMap,\n\t\t\t\t\t\"\": satMap,\n\t\t\t\t\t\"\": topoMap\n\t\t\t\t};\n\t\t\t\troadMap.addTo(mapOsm);\n\t\t\t\tL.control.layers(baseMaps).addTo(mapOsm);\n\t\t\t\t\n\t\t\t\t\/\/marker\n\t\t\t\tvar marker = L.marker([44.628523, 4.339442]).addTo(mapOsm); \/\/creation du marqueur\n\t\t\t\tmarker.bindPopup(\"<div><strong>OH LA BELLE VUE !<\/strong><br \/>88 route de Prades<br \/>Quartier de Farges<br \/>07200 Mercuer<\/div>\"); \/\/creation du popup\n\t\t\t\t\n\t\t\t\t\/\/creation des nouveaux boutons de zoom\n\t\t\t\tL.control.zoom({\n\t\t\t\t\tposition:'topleft', \/\/en haut a gauche\n\t\t\t\t\tzoomInTitle:'', \/\/titre du '+'\n\t\t\t\t\tzoomOutTitle:'', \/\/titre du '-'\n\t\t\t\t}).addTo(mapOsm);\n\t\t\t\t\n\t\t\t\t\/\/ ITINERAIRE\n\t\t\t\t\/\/L.Control.geocoder().addTo(mapOsm); \/\/ajoute une zone de recherche d'adresse sur la carte\n\t\t\t\twrapIti = L.Routing.control({\n\t\t\t\t\trouter: L.routing.osrmv1({\n\t\t\t\t\t\tserviceUrl: \"https:\/\/routing.openstreetmap.de\/routed-car\/route\/v1\",\n\t\t\t\t\t\tlanguage: \"en\"\n\t\t\t\t\t}),\n\t\t\t\t\twaypoints: [\n\t\t\t\t\t\tfalse,\n\t\t\t\t\t\tL.latLng(44.628523, 4.339442) \/\/arriv\u00e9e\n\t\t\t\t\t],\n\t\t\t\t\tshowAlternatives: false,\n\t\t\t\t\trouteWhileDragging: false, \/\/permet d'ajouter des points au trajet directement sur la map\n\t\t\t\t\tdraggableWaypoints: false,\n\t\t\t\t\tgeocoder: L.Control.Geocoder.nominatim(), \/\/pour permettre de renseigner des adresses \u00e0 la place des coordonn\u00e9es\n\t\t\t\t\tfitSelectedRoutes: 'truthy' \/\/recentrer la carte sur le trajet (truthy, falsy, smart)\n\t\t\t\t\t,language: 'en'\n\t\t\t\t\t,show:false\n\t\t\t\t\t,collapsible:false\n\t\t\t\t\t,createMarker: function (i, pointer, n){\n\t\t\t\t\t\tif (i == n -1) \/\/on n'affiche pas le marker de destination\n\t\t\t\t\t\t\treturn null;\n\t\t\t\t\t\telse\n\t\t\t\t\t\t\treturn L.marker (pointer.latLng);\n\t\t\t\t\t}\n\t\t\t\t});\n\t\t\t\t\/\/wrapIti.addTo(mapOsm); \/\/pour mettre directement sur la carte\n\t\t\t\trouteBlock = wrapIti.onAdd(mapOsm);\t\n\t\t\t\tjQuery('#routeOsm').append(routeBlock);\n\t\t\t});\n        <\/script>\n\t\t<\/div><style type=\"text\/css\">.fusion-body .fusion-builder-column-5{width:75% !important;margin-top : 0px;margin-bottom : 20px;}.fusion-builder-column-5 > .fusion-column-wrapper {padding-top : 0px !important;padding-right : 0px !important;margin-right : 15px;padding-bottom : 0px !important;padding-left : 0px !important;margin-left : 15px;}@media only screen and (max-width:1024px) {.fusion-body .fusion-builder-column-5{width:60% !important;order : 0;}.fusion-builder-column-5 > .fusion-column-wrapper {margin-right : 15px;margin-left : 15px;}}@media only screen and (max-width:768px) {.fusion-body .fusion-builder-column-5{width:100% !important;order : 0;}.fusion-builder-column-5 > .fusion-column-wrapper {margin-right : 1.92%;margin-left : 1.92%;}}<\/style><\/div><div class=\"fusion-layout-column fusion_builder_column fusion-builder-column-6 fusion_builder_column_1_4 1_4 fusion-flex-column\"><div class=\"fusion-column-wrapper fusion-flex-justify-content-flex-start fusion-content-layout-column\" style=\"background-position:left top;background-repeat:no-repeat;-webkit-background-size:cover;-moz-background-size:cover;-o-background-size:cover;background-size:cover;padding: 0px 0px 0px 0px;\"><style type=\"text\/css\">@media only screen and (max-width:1024px) {.fusion-title.fusion-title-4{margin-top:30px!important; margin-right:!important;margin-bottom:20px!important;margin-left:!important;}}@media only screen and (max-width:768px) {.fusion-title.fusion-title-4{margin-top:15px!important; margin-right:0px!important;margin-bottom:10px!important; margin-left:0px!important;}}<\/style><div class=\"fusion-title title fusion-title-4 fusion-sep-none fusion-title-text fusion-title-size-two\" style=\"margin-top:30px;margin-bottom:20px;\"><h2 class=\"title-heading-left fusion-responsive-typography-calculated\" style=\"margin:0;--fontSize:35;line-height:1.5;\">Your route<\/h2><\/div><div id=\"routeOsm\"><\/div><\/div><style type=\"text\/css\">.fusion-body .fusion-builder-column-6{width:25% !important;margin-top : 0px;margin-bottom : 20px;}.fusion-builder-column-6 > .fusion-column-wrapper {padding-top : 0px !important;padding-right : 0px !important;margin-right : 15px;padding-bottom : 0px !important;padding-left : 0px !important;margin-left : 15px;}@media only screen and (max-width:1024px) {.fusion-body .fusion-builder-column-6{width:40% !important;order : 0;}.fusion-builder-column-6 > .fusion-column-wrapper {margin-right : 15px;margin-left : 15px;}}@media only screen and (max-width:768px) {.fusion-body .fusion-builder-column-6{width:100% !important;order : 0;}.fusion-builder-column-6 > .fusion-column-wrapper {margin-right : 1.92%;margin-left : 1.92%;}}<\/style><\/div><\/div><style type=\"text\/css\">.fusion-body .fusion-flex-container.fusion-builder-row-2{ padding-top : 0px;margin-top : 0px;padding-right : 0px;padding-bottom : 0px;margin-bottom : 0px;padding-left : 0px;}<\/style><\/div><\/p>\n","protected":false},"excerpt":{"rendered":"","protected":false},"author":1,"featured_media":1947,"parent":0,"menu_order":0,"comment_status":"closed","ping_status":"closed","template":"100-width.php","meta":{"footnotes":""},"class_list":["post-1977","page","type-page","status-publish","has-post-thumbnail","hentry"],"_links":{"self":[{"href":"https:\/\/www.ohlabellevue.com\/en\/wp-json\/wp\/v2\/pages\/1977","targetHints":{"allow":["GET"]}}],"collection":[{"href":"https:\/\/www.ohlabellevue.com\/en\/wp-json\/wp\/v2\/pages"}],"about":[{"href":"https:\/\/www.ohlabellevue.com\/en\/wp-json\/wp\/v2\/types\/page"}],"author":[{"embeddable":true,"href":"https:\/\/www.ohlabellevue.com\/en\/wp-json\/wp\/v2\/users\/1"}],"replies":[{"embeddable":true,"href":"https:\/\/www.ohlabellevue.com\/en\/wp-json\/wp\/v2\/comments?post=1977"}],"version-history":[{"count":3,"href":"https:\/\/www.ohlabellevue.com\/en\/wp-json\/wp\/v2\/pages\/1977\/revisions"}],"predecessor-version":[{"id":2366,"href":"https:\/\/www.ohlabellevue.com\/en\/wp-json\/wp\/v2\/pages\/1977\/revisions\/2366"}],"wp:featuredmedia":[{"embeddable":true,"href":"https:\/\/www.ohlabellevue.com\/en\/wp-json\/wp\/v2\/media\/1947"}],"wp:attachment":[{"href":"https:\/\/www.ohlabellevue.com\/en\/wp-json\/wp\/v2\/media?parent=1977"}],"curies":[{"name":"wp","href":"https:\/\/api.w.org\/{rel}","templated":true}]}}